{"id":25,"date":"2026-01-11T06:51:54","date_gmt":"2026-01-11T06:51:54","guid":{"rendered":"https:\/\/88b.br.com\/?page_id=25"},"modified":"2026-01-11T07:04:30","modified_gmt":"2026-01-11T07:04:30","slug":"c","status":"publish","type":"page","link":"https:\/\/88b.br.com\/","title":{"rendered":"88B \u2013 A Nova Gera\u00e7\u00e3o em Apostas Online"},"content":{"rendered":"\t<section class=\"section\" id=\"section_2133363133\">\n\t\t<div class=\"bg section-bg fill bg-fill  bg-loaded\" >\n\n\t\t\t\n\t\t\t\n\t\t\t\n\n\t\t<\/div>\n\n\t\t\n\n\t\t<div class=\"section-content relative\">\n\t\t\t\n<div class=\"row\"  id=\"row-924469268\">\n\n\t<div id=\"col-1526834834\" class=\"col small-12 large-12\"  >\n\t\t\t\t<div class=\"col-inner\"  >\n\t\t\t\n\t\t\t\n\t<div class=\"img has-hover x md-x lg-x y md-y lg-y\" id=\"image_340157746\">\n\t\t\t\t\t\t\t\t<div class=\"img-inner dark\" >\n\t\t\t<img loading=\"lazy\" decoding=\"async\" width=\"540\" height=\"270\" src=\"https:\/\/88b.br.com\/wp-content\/uploads\/2026\/01\/mav31745986008425317.gif\" class=\"attachment-large size-large\" alt=\"\" \/>\t\t\t\t\t\t\n\t\t\t\t\t<\/div>\n\t\t\t\t\t\t\t\t\n<style>\n#image_340157746 {\n  width: 100%;\n}\n<\/style>\n\t<\/div>\n\t\n\t\t<\/div>\n\t\t\t\t\t<\/div>\n\n\t\n<\/div>\n<div class=\"row\"  id=\"row-2134040911\">\n\n\t<div id=\"col-1764140536\" class=\"col medium-6 small-12 large-6\"  >\n\t\t\t\t<div class=\"col-inner\"  >\n\t\t\t\n\t\t\t\n\t<div class=\"img has-hover x md-x lg-x y md-y lg-y\" id=\"image_1664127417\">\n\t\t\t\t\t\t\t\t<div class=\"img-inner dark\" >\n\t\t\t<img loading=\"lazy\" decoding=\"async\" width=\"480\" height=\"144\" src=\"https:\/\/88b.br.com\/wp-content\/uploads\/2026\/01\/mt7x1734869452609578.png\" class=\"attachment-large size-large\" alt=\"\" srcset=\"https:\/\/88b.br.com\/wp-content\/uploads\/2026\/01\/mt7x1734869452609578.png 480w, https:\/\/88b.br.com\/wp-content\/uploads\/2026\/01\/mt7x1734869452609578-300x90.png 300w\" sizes=\"auto, (max-width: 480px) 100vw, 480px\" \/>\t\t\t\t\t\t\n\t\t\t\t\t<\/div>\n\t\t\t\t\t\t\t\t\n<style>\n#image_1664127417 {\n  width: 100%;\n}\n<\/style>\n\t<\/div>\n\t\n\t\t<\/div>\n\t\t\t\t\t<\/div>\n\n\t\n\n\t<div id=\"col-771803444\" class=\"col medium-6 small-12 large-6\"  >\n\t\t\t\t<div class=\"col-inner\"  >\n\t\t\t\n\t\t\t\n\t<div class=\"img has-hover x md-x lg-x y md-y lg-y\" id=\"image_1682651659\">\n\t\t\t\t\t\t\t\t<div class=\"img-inner dark\" >\n\t\t\t<img loading=\"lazy\" decoding=\"async\" width=\"480\" height=\"144\" src=\"https:\/\/88b.br.com\/wp-content\/uploads\/2026\/01\/a5dj1734869444317881.png\" class=\"attachment-large size-large\" alt=\"\" srcset=\"https:\/\/88b.br.com\/wp-content\/uploads\/2026\/01\/a5dj1734869444317881.png 480w, https:\/\/88b.br.com\/wp-content\/uploads\/2026\/01\/a5dj1734869444317881-300x90.png 300w\" sizes=\"auto, (max-width: 480px) 100vw, 480px\" \/>\t\t\t\t\t\t\n\t\t\t\t\t<\/div>\n\t\t\t\t\t\t\t\t\n<style>\n#image_1682651659 {\n  width: 100%;\n}\n<\/style>\n\t<\/div>\n\t\n\t\t<\/div>\n\t\t\t\t\t<\/div>\n\n\t\n<\/div>\n<div class=\"row\"  id=\"row-367845837\">\n\n\t<div id=\"col-1146756562\" class=\"col medium-3 small-6 large-3\"  >\n\t\t\t\t<div class=\"col-inner\"  >\n\t\t\t\n\t\t\t\n\t<div class=\"img has-hover x md-x lg-x y md-y lg-y\" id=\"image_955763629\">\n\t\t\t\t\t\t\t\t<div class=\"img-inner dark\" >\n\t\t\t<img loading=\"lazy\" decoding=\"async\" width=\"160\" height=\"40\" src=\"https:\/\/88b.br.com\/wp-content\/uploads\/2026\/01\/gg_jdb.png\" class=\"attachment-large size-large\" alt=\"\" \/>\t\t\t\t\t\t\n\t\t\t\t\t<\/div>\n\t\t\t\t\t\t\t\t\n<style>\n#image_955763629 {\n  width: 100%;\n}\n<\/style>\n\t<\/div>\n\t\n\t\t<\/div>\n\t\t\t\t\t<\/div>\n\n\t\n\n\t<div id=\"col-2024031546\" class=\"col medium-3 small-6 large-3\"  >\n\t\t\t\t<div class=\"col-inner\"  >\n\t\t\t\n\t\t\t\n\t<div class=\"img has-hover x md-x lg-x y md-y lg-y\" id=\"image_1546504141\">\n\t\t\t\t\t\t\t\t<div class=\"img-inner dark\" >\n\t\t\t<img loading=\"lazy\" decoding=\"async\" width=\"240\" height=\"60\" src=\"https:\/\/88b.br.com\/wp-content\/uploads\/2026\/01\/gg_evo.png\" class=\"attachment-large size-large\" alt=\"\" \/>\t\t\t\t\t\t\n\t\t\t\t\t<\/div>\n\t\t\t\t\t\t\t\t\n<style>\n#image_1546504141 {\n  width: 100%;\n}\n<\/style>\n\t<\/div>\n\t\n\t\t<\/div>\n\t\t\t\t\t<\/div>\n\n\t\n\n\t<div id=\"col-1445767817\" class=\"col medium-3 small-6 large-3\"  >\n\t\t\t\t<div class=\"col-inner\"  >\n\t\t\t\n\t\t\t\n\t<div class=\"img has-hover x md-x lg-x y md-y lg-y\" id=\"image_1636144728\">\n\t\t\t\t\t\t\t\t<div class=\"img-inner dark\" >\n\t\t\t<img loading=\"lazy\" decoding=\"async\" width=\"216\" height=\"60\" src=\"https:\/\/88b.br.com\/wp-content\/uploads\/2026\/01\/gg_tada.png\" class=\"attachment-large size-large\" alt=\"\" \/>\t\t\t\t\t\t\n\t\t\t\t\t<\/div>\n\t\t\t\t\t\t\t\t\n<style>\n#image_1636144728 {\n  width: 100%;\n}\n<\/style>\n\t<\/div>\n\t\n\t\t<\/div>\n\t\t\t\t\t<\/div>\n\n\t\n\n\t<div id=\"col-1456081670\" class=\"col medium-3 small-6 large-3\"  >\n\t\t\t\t<div class=\"col-inner\"  >\n\t\t\t\n\t\t\t\n\t<div class=\"img has-hover x md-x lg-x y md-y lg-y\" id=\"image_1305453378\">\n\t\t\t\t\t\t\t\t<div class=\"img-inner dark\" >\n\t\t\t<img loading=\"lazy\" decoding=\"async\" width=\"240\" height=\"60\" src=\"https:\/\/88b.br.com\/wp-content\/uploads\/2026\/01\/gg_pg.png\" class=\"attachment-large size-large\" alt=\"\" \/>\t\t\t\t\t\t\n\t\t\t\t\t<\/div>\n\t\t\t\t\t\t\t\t\n<style>\n#image_1305453378 {\n  width: 100%;\n}\n<\/style>\n\t<\/div>\n\t\n\t\t<\/div>\n\t\t\t\t\t<\/div>\n\n\t\n\n\t<div id=\"col-1951851282\" class=\"col medium-4 small-12 large-4\"  >\n\t\t\t\t<div class=\"col-inner\"  >\n\t\t\t\n\t\t\t\n\t<div class=\"img has-hover x md-x lg-x y md-y lg-y\" id=\"image_306999183\">\n\t\t\t\t\t\t\t\t<div class=\"img-inner dark\" >\n\t\t\t<img loading=\"lazy\" decoding=\"async\" width=\"240\" height=\"60\" src=\"https:\/\/88b.br.com\/wp-content\/uploads\/2026\/01\/zi8i1720185336897997.png\" class=\"attachment-large size-large\" alt=\"\" \/>\t\t\t\t\t\t\n\t\t\t\t\t<\/div>\n\t\t\t\t\t\t\t\t\n<style>\n#image_306999183 {\n  width: 100%;\n}\n<\/style>\n\t<\/div>\n\t\n\t\t<\/div>\n\t\t\t\t\t<\/div>\n\n\t\n<\/div>\n<div class=\"row\"  id=\"row-608496663\">\n\n\t<div id=\"col-35186709\" class=\"col medium-4 small-12 large-4\"  >\n\t\t\t\t<div class=\"col-inner\"  >\n\t\t\t\n\t\t\t\n\t<div class=\"img has-hover x md-x lg-x y md-y lg-y\" id=\"image_1758843424\">\n\t\t\t\t\t\t\t\t<div class=\"img-inner dark\" >\n\t\t\t<img loading=\"lazy\" decoding=\"async\" width=\"208\" height=\"280\" src=\"https:\/\/88b.br.com\/wp-content\/uploads\/2026\/01\/PG_Fortune_Tiger.jpg\" class=\"attachment-large size-large\" alt=\"\" \/>\t\t\t\t\t\t\n\t\t\t\t\t<\/div>\n\t\t\t\t\t\t\t\t\n<style>\n#image_1758843424 {\n  width: 100%;\n}\n<\/style>\n\t<\/div>\n\t\n\t\t<\/div>\n\t\t\t\t\t<\/div>\n\n\t\n\n\t<div id=\"col-938540559\" class=\"col medium-4 small-12 large-4\"  >\n\t\t\t\t<div class=\"col-inner\"  >\n\t\t\t\n\t\t\t\n\t<div class=\"img has-hover x md-x lg-x y md-y lg-y\" id=\"image_665485582\">\n\t\t\t\t\t\t\t\t<div class=\"img-inner dark\" >\n\t\t\t<img loading=\"lazy\" decoding=\"async\" width=\"208\" height=\"280\" src=\"https:\/\/88b.br.com\/wp-content\/uploads\/2026\/01\/PG_Fortune_Dragon.jpg\" class=\"attachment-large size-large\" alt=\"\" \/>\t\t\t\t\t\t\n\t\t\t\t\t<\/div>\n\t\t\t\t\t\t\t\t\n<style>\n#image_665485582 {\n  width: 100%;\n}\n<\/style>\n\t<\/div>\n\t\n\t\t<\/div>\n\t\t\t\t\t<\/div>\n\n\t\n\n\t<div id=\"col-1985135398\" class=\"col medium-4 small-12 large-4\"  >\n\t\t\t\t<div class=\"col-inner\"  >\n\t\t\t\n\t\t\t\n\t<div class=\"img has-hover x md-x lg-x y md-y lg-y\" id=\"image_650253082\">\n\t\t\t\t\t\t\t\t<div class=\"img-inner dark\" >\n\t\t\t<img loading=\"lazy\" decoding=\"async\" width=\"208\" height=\"280\" src=\"https:\/\/88b.br.com\/wp-content\/uploads\/2026\/01\/PG_Fortune_Rabbit.jpg\" class=\"attachment-large size-large\" alt=\"\" \/>\t\t\t\t\t\t\n\t\t\t\t\t<\/div>\n\t\t\t\t\t\t\t\t\n<style>\n#image_650253082 {\n  width: 100%;\n}\n<\/style>\n\t<\/div>\n\t\n\t\t<\/div>\n\t\t\t\t\t<\/div>\n\n\t\n<\/div>\n<div class=\"row\"  id=\"row-2014639645\">\n\n\t<div id=\"col-2125087570\" class=\"col medium-4 small-12 large-4\"  >\n\t\t\t\t<div class=\"col-inner\"  >\n\t\t\t\n\t\t\t\n\t<div class=\"img has-hover x md-x lg-x y md-y lg-y\" id=\"image_1101097225\">\n\t\t\t\t\t\t\t\t<div class=\"img-inner dark\" >\n\t\t\t<img loading=\"lazy\" decoding=\"async\" width=\"208\" height=\"280\" src=\"https:\/\/88b.br.com\/wp-content\/uploads\/2026\/01\/Fortune_Gems.jpg\" class=\"attachment-large size-large\" alt=\"\" \/>\t\t\t\t\t\t\n\t\t\t\t\t<\/div>\n\t\t\t\t\t\t\t\t\n<style>\n#image_1101097225 {\n  width: 100%;\n}\n<\/style>\n\t<\/div>\n\t\n\t\t<\/div>\n\t\t\t\t\t<\/div>\n\n\t\n\n\t<div id=\"col-1385924707\" class=\"col medium-4 small-12 large-4\"  >\n\t\t\t\t<div class=\"col-inner\"  >\n\t\t\t\n\t\t\t\n\t<div class=\"img has-hover x md-x lg-x y md-y lg-y\" id=\"image_1494713487\">\n\t\t\t\t\t\t\t\t<div class=\"img-inner dark\" >\n\t\t\t<img loading=\"lazy\" decoding=\"async\" width=\"208\" height=\"280\" src=\"https:\/\/88b.br.com\/wp-content\/uploads\/2026\/01\/PG_Fortune_Snake.jpg\" class=\"attachment-large size-large\" alt=\"\" \/>\t\t\t\t\t\t\n\t\t\t\t\t<\/div>\n\t\t\t\t\t\t\t\t\n<style>\n#image_1494713487 {\n  width: 100%;\n}\n<\/style>\n\t<\/div>\n\t\n\t\t<\/div>\n\t\t\t\t\t<\/div>\n\n\t\n\n\t<div id=\"col-135249618\" class=\"col medium-4 small-12 large-4\"  >\n\t\t\t\t<div class=\"col-inner\"  >\n\t\t\t\n\t\t\t\n\t<div class=\"img has-hover x md-x lg-x y md-y lg-y\" id=\"image_608721725\">\n\t\t\t\t\t\t\t\t<div class=\"img-inner dark\" >\n\t\t\t<img loading=\"lazy\" decoding=\"async\" width=\"208\" height=\"280\" src=\"https:\/\/88b.br.com\/wp-content\/uploads\/2026\/01\/Fortune_Gems_2.jpg\" class=\"attachment-large size-large\" alt=\"\" \/>\t\t\t\t\t\t\n\t\t\t\t\t<\/div>\n\t\t\t\t\t\t\t\t\n<style>\n#image_608721725 {\n  width: 100%;\n}\n<\/style>\n\t<\/div>\n\t\n\t\t<\/div>\n\t\t\t\t\t<\/div>\n\n\t\n<\/div>\n<div class=\"row\"  id=\"row-1117750464\">\n\n\t<div id=\"col-1010414092\" class=\"col small-12 large-12\"  >\n\t\t\t\t<div class=\"col-inner\"  >\n\t\t\t\n\t\t\t\n<h1 style=\"text-align: center;\" data-start=\"119\" data-end=\"164\"><span style=\"color: #ffcc00;\"><strong data-start=\"122\" data-end=\"164\">88B \u2013 A Nova Gera\u00e7\u00e3o em Apostas Online<\/strong><\/span><\/h1>\n<p data-start=\"166\" data-end=\"423\"><span style=\"color: #ffffff;\">A\u00a0<a href=\"https:\/\/88b.br.com\/\"><span style=\"color: #ffcc00;\"><strong data-start=\"168\" data-end=\"175\">88B<\/strong><\/span><\/a>\u00a0\u00e9 uma plataforma de apostas inovadora que vem conquistando milhares de jogadores com sua diversidade de jogos, confiabilidade e suporte dedicado. Com um sistema moderno, f\u00e1cil de usar e totalmente seguro, a 88B oferece uma experi\u00eancia completa em:<\/span><\/p>\n<ul data-start=\"425\" data-end=\"568\">\n<li data-start=\"425\" data-end=\"460\">\n<p data-start=\"427\" data-end=\"460\"><span style=\"color: #ffffff;\">\ud83d\udcfa\u00a0<strong data-start=\"430\" data-end=\"460\">Apostas Esportivas ao Vivo<\/strong><\/span><\/p>\n<\/li>\n<li data-start=\"461\" data-end=\"502\">\n<p data-start=\"463\" data-end=\"502\"><span style=\"color: #ffffff;\">\ud83c\udfb0\u00a0<strong data-start=\"466\" data-end=\"502\">Cassino Online e Cassino Ao Vivo<\/strong><\/span><\/p>\n<\/li>\n<\/ul>\n<p data-start=\"570\" data-end=\"828\"><span style=\"color: #ffffff;\">Al\u00e9m disso, a 88B se destaca com\u00a0<strong data-start=\"603\" data-end=\"625\">pagamentos r\u00e1pidos<\/strong>,\u00a0<strong data-start=\"627\" data-end=\"650\">promo\u00e7\u00f5es atrativas<\/strong>\u00a0e um programa de fidelidade exclusivo para os apostadores mais ativos. Com atendimento ao cliente 24 horas por dia, a 88B garante suporte \u00e1gil e eficaz sempre que voc\u00ea precisar.<\/span><\/p>\n<h2 data-start=\"128\" data-end=\"189\"><span style=\"color: #ffcc00;\"><strong data-start=\"131\" data-end=\"189\">Links Oficiais da 88B \u2013 Acesse com Seguran\u00e7a e Rapidez<\/strong><\/span><\/h2>\n<p data-start=\"191\" data-end=\"413\"><span style=\"color: #ffffff;\">Para garantir uma experi\u00eancia segura e est\u00e1vel ao acessar a plataforma da\u00a0<strong data-start=\"265\" data-end=\"272\">88B<\/strong>, utilize somente os links oficiais e atualizados abaixo. Esses dom\u00ednios s\u00e3o verificados pela equipe da 88B e protegidos contra sites falsos:<\/span><\/p>\n<ul data-start=\"415\" data-end=\"528\">\n<li data-start=\"415\" data-end=\"454\">\n<p data-start=\"417\" data-end=\"454\"><span style=\"color: #ffffff;\">\ud83c\udf10 88b.br.com<\/span><\/p>\n<\/li>\n<li data-start=\"455\" data-end=\"488\">\n<p data-start=\"457\" data-end=\"488\"><span style=\"color: #ffffff;\">\ud83c\udf10 88b.com<\/span><\/p>\n<\/li>\n<li data-start=\"489\" data-end=\"528\">\n<p data-start=\"491\" data-end=\"528\"><span style=\"color: #ffffff;\">\ud83c\udf10 88b.com.br<\/span><\/p>\n<\/li>\n<\/ul>\n<p data-start=\"530\" data-end=\"776\"><span style=\"color: #ffffff;\">Recomendamos que voc\u00ea\u00a0<strong data-start=\"552\" data-end=\"595\">adicione esses links aos seus favoritos<\/strong>\u00a0para evitar acessos indevidos ou p\u00e1ginas clonadas. Em caso de dificuldades de acesso, entre em contato com o\u00a0<strong data-start=\"705\" data-end=\"725\">suporte 24 horas<\/strong>\u00a0da 88B para receber o link atualizado mais seguro.<\/span><\/p>\n<h2 data-start=\"131\" data-end=\"201\"><span style=\"color: #ffcc00;\"><strong data-start=\"134\" data-end=\"201\">Promo\u00e7\u00f5es Imperd\u00edveis da 88B \u2013 Ganhe Desde o Primeiro Dep\u00f3sito!<\/strong><\/span><\/h2>\n<p data-start=\"203\" data-end=\"322\"><span style=\"color: #ffffff;\">Na\u00a0<strong data-start=\"206\" data-end=\"213\">88B<\/strong>, a emo\u00e7\u00e3o come\u00e7a com b\u00f4nus incr\u00edveis pensados para todos os tipos de jogadores! Confira as promo\u00e7\u00f5es ativas:<\/span><\/p>\n<ul data-start=\"324\" data-end=\"912\">\n<li data-start=\"324\" data-end=\"439\">\n<p data-start=\"326\" data-end=\"439\"><span style=\"color: #ffffff;\">\ud83d\udcb8\u00a0<strong data-start=\"329\" data-end=\"353\">B\u00f4nus de Boas-Vindas<\/strong>: Ganhe at\u00e9\u00a0<strong data-start=\"365\" data-end=\"398\">100% no seu primeiro dep\u00f3sito<\/strong>, perfeito para come\u00e7ar com o p\u00e9 direito!<\/span><\/p>\n<\/li>\n<li data-start=\"440\" data-end=\"548\">\n<p data-start=\"442\" data-end=\"548\"><span style=\"color: #ffffff;\">\ud83d\udd01\u00a0<strong data-start=\"445\" data-end=\"465\">Cashback Semanal<\/strong>: Receba de volta uma porcentagem das suas perdas toda semana \u2014\u00a0<strong data-start=\"529\" data-end=\"547\">sem burocracia<\/strong>.<\/span><\/p>\n<\/li>\n<li data-start=\"549\" data-end=\"659\">\n<p data-start=\"551\" data-end=\"659\"><span style=\"color: #ffffff;\">\ud83c\udfb0\u00a0<strong data-start=\"554\" data-end=\"570\">Giros Gr\u00e1tis<\/strong>: Participe das promo\u00e7\u00f5es di\u00e1rias e ganhe\u00a0<strong data-start=\"612\" data-end=\"626\">Free Spins<\/strong>\u00a0nos ca\u00e7a-n\u00edqueis mais populares!<\/span><\/p>\n<\/li>\n<li data-start=\"660\" data-end=\"784\">\n<p data-start=\"662\" data-end=\"784\"><span style=\"color: #ffffff;\">\ud83c\udf81\u00a0<strong data-start=\"665\" data-end=\"697\">Miss\u00f5es e Sorteios Especiais<\/strong>: Complete desafios e participe de sorteios com\u00a0<strong data-start=\"745\" data-end=\"783\">pr\u00eamios em dinheiro e b\u00f4nus extras<\/strong>!<\/span><\/p>\n<\/li>\n<li data-start=\"785\" data-end=\"912\">\n<p data-start=\"787\" data-end=\"912\"><span style=\"color: #ffffff;\">\ud83d\udc51\u00a0<strong data-start=\"790\" data-end=\"807\">Clube VIP 88B<\/strong>: Benef\u00edcios exclusivos para jogadores frequentes, incluindo\u00a0<strong data-start=\"868\" data-end=\"892\">b\u00f4nus personalizados<\/strong>\u00a0e suporte dedicado.<\/span><\/p>\n<\/li>\n<\/ul>\n<p data-start=\"914\" data-end=\"1038\"><span style=\"color: #ffffff;\">N\u00e3o perca tempo \u2014 cadastre-se na\u00a0<strong data-start=\"947\" data-end=\"954\">88B<\/strong>\u00a0agora mesmo e aproveite todas as vantagens que s\u00f3 os verdadeiros jogadores recebem!<\/span><\/p>\n<h2 data-start=\"128\" data-end=\"174\"><span style=\"color: #ffcc00;\"><strong data-start=\"131\" data-end=\"174\">Termos e Condi\u00e7\u00f5es das Promo\u00e7\u00f5es da 88B<\/strong><\/span><\/h2>\n<p data-start=\"176\" data-end=\"355\"><span style=\"color: #ffffff;\">Para garantir uma experi\u00eancia justa e transparente, as promo\u00e7\u00f5es da\u00a0<strong data-start=\"244\" data-end=\"251\">88B<\/strong>\u00a0seguem algumas condi\u00e7\u00f5es importantes. Antes de ativar qualquer b\u00f4nus, confira os principais requisitos:<\/span><\/p>\n<ul data-start=\"357\" data-end=\"1055\">\n<li data-start=\"357\" data-end=\"532\">\n<p data-start=\"359\" data-end=\"532\"><span style=\"color: #ffffff;\">\ud83d\udd04\u00a0<strong data-start=\"362\" data-end=\"396\">Requisito de Aposta (Rollover)<\/strong>: O valor do b\u00f4nus deve ser apostado um n\u00famero espec\u00edfico de vezes (por exemplo,\u00a0<strong data-start=\"477\" data-end=\"491\">10x ou 15x<\/strong>) antes que os ganhos possam ser sacados.<\/span><\/p>\n<\/li>\n<li data-start=\"533\" data-end=\"657\">\n<p data-start=\"535\" data-end=\"657\"><span style=\"color: #ffffff;\">\u23f1\ufe0f\u00a0<strong data-start=\"538\" data-end=\"559\">Validade do B\u00f4nus<\/strong>: A maioria dos b\u00f4nus possui um prazo de validade (geralmente de\u00a0<strong data-start=\"624\" data-end=\"639\">7 a 30 dias<\/strong>) ap\u00f3s a ativa\u00e7\u00e3o.<\/span><\/p>\n<\/li>\n<li data-start=\"658\" data-end=\"791\">\n<p data-start=\"660\" data-end=\"791\"><span style=\"color: #ffffff;\">\ud83c\udfaf\u00a0<strong data-start=\"663\" data-end=\"691\">Tipos de Jogos Eleg\u00edveis<\/strong>: Nem todos os jogos contribuem igualmente para o rollover \u2014 leia atentamente as regras da promo\u00e7\u00e3o.<\/span><\/p>\n<\/li>\n<li data-start=\"792\" data-end=\"930\">\n<p data-start=\"794\" data-end=\"930\"><span style=\"color: #ffffff;\">\u26a0\ufe0f\u00a0<strong data-start=\"797\" data-end=\"822\">Comportamento Abusivo<\/strong>: Qualquer tentativa de manipula\u00e7\u00e3o ou aposta irregular pode resultar na\u00a0<strong data-start=\"895\" data-end=\"916\">anula\u00e7\u00e3o do b\u00f4nus<\/strong>\u00a0e dos ganhos.<\/span><\/p>\n<\/li>\n<li data-start=\"931\" data-end=\"1055\">\n<p data-start=\"933\" data-end=\"1055\"><span style=\"color: #ffffff;\">\u2705\u00a0<strong data-start=\"935\" data-end=\"965\">Verifica\u00e7\u00e3o da Conta (KYC)<\/strong>: Para realizar saques, \u00e9 necess\u00e1rio que a conta esteja verificada com documentos v\u00e1lidos.<\/span><\/p>\n<\/li>\n<\/ul>\n<p data-start=\"1057\" data-end=\"1258\"><span style=\"color: #ffffff;\">Recomendamos sempre\u00a0<strong data-start=\"1077\" data-end=\"1123\">ler os termos espec\u00edficos de cada promo\u00e7\u00e3o<\/strong>\u00a0na p\u00e1gina oficial da 88B ou consultar o\u00a0<strong data-start=\"1164\" data-end=\"1179\">suporte 24h<\/strong>\u00a0em caso de d\u00favidas. Jogando com responsabilidade, sua divers\u00e3o est\u00e1 garantida!<\/span><\/p>\n\t\t<\/div>\n\t\t\t\t\t<\/div>\n\n\t\n<\/div>\n\t\t<\/div>\n\n\t\t\n<style>\n#section_2133363133 {\n  padding-top: 30px;\n  padding-bottom: 30px;\n  background-color: rgb(132, 83, 26);\n}\n<\/style>\n\t<\/section>\n\t\n","protected":false},"excerpt":{"rendered":"","protected":false},"author":1,"featured_media":0,"parent":0,"menu_order":0,"comment_status":"closed","ping_status":"closed","template":"page-blank.php","meta":{"footnotes":""},"class_list":["post-25","page","type-page","status-publish","hentry"],"_links":{"self":[{"href":"https:\/\/88b.br.com\/index.php\/wp-json\/wp\/v2\/pages\/25","targetHints":{"allow":["GET"]}}],"collection":[{"href":"https:\/\/88b.br.com\/index.php\/wp-json\/wp\/v2\/pages"}],"about":[{"href":"https:\/\/88b.br.com\/index.php\/wp-json\/wp\/v2\/types\/page"}],"author":[{"embeddable":true,"href":"https:\/\/88b.br.com\/index.php\/wp-json\/wp\/v2\/users\/1"}],"replies":[{"embeddable":true,"href":"https:\/\/88b.br.com\/index.php\/wp-json\/wp\/v2\/comments?post=25"}],"version-history":[{"count":5,"href":"https:\/\/88b.br.com\/index.php\/wp-json\/wp\/v2\/pages\/25\/revisions"}],"predecessor-version":[{"id":34,"href":"https:\/\/88b.br.com\/index.php\/wp-json\/wp\/v2\/pages\/25\/revisions\/34"}],"wp:attachment":[{"href":"https:\/\/88b.br.com\/index.php\/wp-json\/wp\/v2\/media?parent=25"}],"curies":[{"name":"wp","href":"https:\/\/api.w.org\/{rel}","templated":true}]}}